{"id":7852,"date":"2023-11-14T17:04:47","date_gmt":"2023-11-14T15:04:47","guid":{"rendered":"https:\/\/www.palestina.cat\/contracimera\/"},"modified":"2023-11-16T12:41:26","modified_gmt":"2023-11-16T10:41:26","slug":"forum","status":"publish","type":"page","link":"https:\/\/www.palestina.cat\/fr\/forum\/","title":{"rendered":"Forum"},"content":{"rendered":"\n<div class=\"wp-block-columns is-layout-flex wp-container-core-columns-is-layout-28f84493 wp-block-columns-is-layout-flex\">\n<div class=\"wp-block-column is-layout-flow wp-block-column-is-layout-flow\" style=\"flex-basis:100%\"><div style=\"text-align: center;\">\n<div class=\"wpml-ls-statics-shortcode_actions wpml-ls wpml-ls-legacy-list-horizontal\">\n\t<ul><li class=\"wpml-ls-slot-shortcode_actions wpml-ls-item wpml-ls-item-ca wpml-ls-first-item wpml-ls-item-legacy-list-horizontal\">\n\t\t\t\t<a href=\"https:\/\/www.palestina.cat\" class=\"wpml-ls-link\">\n                                                        <img decoding=\"async\"\n            class=\"wpml-ls-flag\"\n            src=\"https:\/\/www.palestina.cat\/wp-content\/plugins\/sitepress-multilingual-cms\/res\/flags\/ca.svg\"\n            alt=\"\"\n            width=18\n            height=12\n    \/><span class=\"wpml-ls-native\" lang=\"ca\">Catal\u00e0<\/span><span class=\"wpml-ls-display\"><span class=\"wpml-ls-bracket\"> (<\/span>Catalan<span class=\"wpml-ls-bracket\">)<\/span><\/span><\/a>\n\t\t\t<\/li><li class=\"wpml-ls-slot-shortcode_actions wpml-ls-item wpml-ls-item-en wpml-ls-item-legacy-list-horizontal\">\n\t\t\t\t<a href=\"https:\/\/www.palestina.cat\/en\/\" class=\"wpml-ls-link\">\n                                                        <img decoding=\"async\"\n            class=\"wpml-ls-flag\"\n            src=\"https:\/\/www.palestina.cat\/wp-content\/plugins\/sitepress-multilingual-cms\/res\/flags\/en.svg\"\n            alt=\"\"\n            width=18\n            height=12\n    \/><span class=\"wpml-ls-native\" lang=\"en\">English<\/span><span class=\"wpml-ls-display\"><span class=\"wpml-ls-bracket\"> (<\/span>Anglais<span class=\"wpml-ls-bracket\">)<\/span><\/span><\/a>\n\t\t\t<\/li><li class=\"wpml-ls-slot-shortcode_actions wpml-ls-item wpml-ls-item-fr wpml-ls-current-language wpml-ls-item-legacy-list-horizontal\">\n\t\t\t\t<a href=\"https:\/\/www.palestina.cat\/fr\/\" class=\"wpml-ls-link\">\n                                                        <img decoding=\"async\"\n            class=\"wpml-ls-flag\"\n            src=\"https:\/\/www.palestina.cat\/wp-content\/plugins\/sitepress-multilingual-cms\/res\/flags\/fr.svg\"\n            alt=\"\"\n            width=18\n            height=12\n    \/><span class=\"wpml-ls-native\">Fran\u00e7ais<\/span><\/a>\n\t\t\t<\/li><li class=\"wpml-ls-slot-shortcode_actions wpml-ls-item wpml-ls-item-es wpml-ls-item-legacy-list-horizontal\">\n\t\t\t\t<a href=\"https:\/\/www.palestina.cat\/es\/\" class=\"wpml-ls-link\">\n                                                        <img decoding=\"async\"\n            class=\"wpml-ls-flag\"\n            src=\"https:\/\/www.palestina.cat\/wp-content\/plugins\/sitepress-multilingual-cms\/res\/flags\/es.svg\"\n            alt=\"\"\n            width=18\n            height=12\n    \/><span class=\"wpml-ls-native\" lang=\"es\">Espa\u00f1ol<\/span><span class=\"wpml-ls-display\"><span class=\"wpml-ls-bracket\"> (<\/span>Espagnol<span class=\"wpml-ls-bracket\">)<\/span><\/span><\/a>\n\t\t\t<\/li><li class=\"wpml-ls-slot-shortcode_actions wpml-ls-item wpml-ls-item-ar wpml-ls-item-legacy-list-horizontal\">\n\t\t\t\t<a href=\"https:\/\/www.palestina.cat\/ar\/\" class=\"wpml-ls-link\">\n                                                        <img decoding=\"async\"\n            class=\"wpml-ls-flag\"\n            src=\"https:\/\/www.palestina.cat\/wp-content\/uploads\/flags\/Flag_of_Palestine.svg.png\"\n            alt=\"\"\n            width=18\n            height=12\n    \/><span class=\"wpml-ls-native\" lang=\"ar\">\u0627\u0644\u0639\u0631\u0628\u064a\u0629<\/span><span class=\"wpml-ls-display\"><span class=\"wpml-ls-bracket\"> (<\/span>Arabe<span class=\"wpml-ls-bracket\">)<\/span><\/span><\/a>\n\t\t\t<\/li><li class=\"wpml-ls-slot-shortcode_actions wpml-ls-item wpml-ls-item-de wpml-ls-last-item wpml-ls-item-legacy-list-horizontal\">\n\t\t\t\t<a href=\"https:\/\/www.palestina.cat\/de\/\" class=\"wpml-ls-link\">\n                                                        <img decoding=\"async\"\n            class=\"wpml-ls-flag\"\n            src=\"https:\/\/www.palestina.cat\/wp-content\/plugins\/sitepress-multilingual-cms\/res\/flags\/de.svg\"\n            alt=\"\"\n            width=18\n            height=12\n    \/><span class=\"wpml-ls-native\" lang=\"de\">Deutsch<\/span><span class=\"wpml-ls-display\"><span class=\"wpml-ls-bracket\"> (<\/span>Allemand<span class=\"wpml-ls-bracket\">)<\/span><\/span><\/a>\n\t\t\t<\/li><\/ul>\n<\/div>\n<\/div>\n\n\n\n<blockquote class=\"wp-block-stackable-blockquote stk-block-blockquote stk-block stk-7751fcc is-style-default\" data-v=\"2\" data-block-id=\"7751fcc\"><div class=\"has-text-align-left stk-block-blockquote__content stk-container stk-7751fcc-container stk-hover-parent\"><div class=\"stk-block-content stk-inner-blocks\">\n<div class=\"wp-block-stackable-icon stk-block-icon stk-block stk-82b90b8\" data-block-id=\"82b90b8\"><span class=\"stk--svg-wrapper\"><div class=\"stk--inner-svg\"><svg style=\"height:0;width:0\"><defs><linearGradient id=\"linear-gradient-82b90b8\" x1=\"0\" x2=\"100%\" y1=\"0\" y2=\"0\"><stop offset=\"0%\" style=\"stop-opacity:1;stop-color:var(--linear-gradient-82-b-90-b-8-color-1)\"><\/stop><stop offset=\"100%\" style=\"stop-opacity:1;stop-color:var(--linear-gradient-82-b-90-b-8-color-2)\"><\/stop><\/linearGradient><\/defs><\/svg><svg xmlns=\"http:\/\/www.w3.org\/2000\/svg\" viewBox=\"0 0 50 50\" aria-hidden=\"true\" width=\"32\" height=\"32\"><path d=\"M19.8 9.3C10.5 11.8 4.6 17 2.1 24.8c2.3-3.6 5.6-5.4 9.9-5.4 3.3 0 6 1.1 8.3 3.3 2.2 2.2 3.4 5 3.4 8.3 0 3.2-1.1 5.8-3.3 8-2.2 2.2-5.1 3.2-8.7 3.2-3.7 0-6.5-1.2-8.6-3.5C1 36.3 0 33.1 0 29 0 18.3 6.5 11.2 19.6 7.9l.2 1.4zm26.4 0C36.9 11.9 31 17 28.5 24.8c2.2-3.6 5.5-5.4 9.8-5.4 3.2 0 6 1.1 8.3 3.2 2.3 2.2 3.4 4.9 3.4 8.3 0 3.1-1.1 5.8-3.3 7.9-2.2 2.2-5.1 3.3-8.6 3.3-3.7 0-6.6-1.1-8.6-3.4-2.1-2.3-3.1-5.5-3.1-9.7 0-10.7 6.6-17.8 19.7-21.1l.1 1.4z\"><\/path><\/svg><\/div><\/span><\/div>\n\n\n\n<div class=\"wp-block-stackable-text stk-block-text stk-block stk-2ff89fc\" data-block-id=\"2ff89fc\"><p class=\"stk-block-text__text\">Les 27 et 28 novembre prochains, les chefs d&rsquo;\u00c9tat et de gouvernement des 42 pays qui composent l&rsquo;Union pour la M\u00e9diterran\u00e9e (27 de l&rsquo;UE et 15 d&rsquo;Afrique du Nord et du Moyen-Orient) se r\u00e9uniront \u00e0 Barcelone \u00e0 l&rsquo;invitation du pr\u00e9sident Pedro S\u00e1nchez, qui assume la pr\u00e9sidence europ\u00e9enne jusqu&rsquo;en d\u00e9cembre, lors d&rsquo;une r\u00e9union qui sera marqu\u00e9e par la situation en Palestine. Le mouvement de solidarit\u00e9 avec la Palestine de Catalogne, promu par la Communaut\u00e9 palestinienne de Catalogne et la Coalition Prou Complicitat amb Israel (Assez de complicit\u00e9 avec Isra\u00ebl) avec le soutien de plus de 300 entit\u00e9s catalanes et en collaboration avec le mouvement antiraciste et migrant contre la Forteresse Europe, travaille en l\u2019organisation d\u2019actions avec lesquelles nous voulons renforcer la solidarit\u00e9 avec la Palestine et avoir un fort impact sur l\u2019opinion publique mondiale et dans les centres de pouvoir d\u2019Europe.<\/p><\/div>\n<\/div><\/div><\/blockquote>\n<\/div>\n<\/div>\n\n\n\n<div class=\"wp-block-stackable-columns stk-block-columns stk-block stk-52803bb\" data-block-id=\"52803bb\"><div class=\"stk-row stk-inner-blocks stk-block-content stk-content-align stk-52803bb-column\">\n<div class=\"wp-block-stackable-column stk-block-column stk-column stk-block stk-27b82b6\" data-v=\"4\" data-block-id=\"27b82b6\"><div class=\"stk-column-wrapper stk-block-column__content stk-container stk-27b82b6-container stk--no-background stk--no-padding\"><div class=\"stk-block-content stk-inner-blocks stk-27b82b6-inner-blocks\">\n<h2 class=\"wp-block-heading\" id=\"h-25-novembre\">25 novembre<\/h2>\n\n\n\n<p>Rencontre d&rsquo;activistes et d&rsquo;organisations de solidarit\u00e9 avec la Palestine<\/p>\n\n\n\n<div class=\"wp-block-stackable-columns stk-block-columns stk-block stk-e031ebc\" data-block-id=\"e031ebc\"><div class=\"stk-row stk-inner-blocks stk-block-content stk-content-align stk-e031ebc-column\">\n<div class=\"wp-block-stackable-column stk-block-column stk-column stk-block stk-52b55be\" data-v=\"4\" data-block-id=\"52b55be\"><div class=\"stk-column-wrapper stk-block-column__content stk-container stk-52b55be-container stk--no-background stk--no-padding\"><div class=\"stk-block-content stk-inner-blocks stk-52b55be-inner-blocks\">\n<h4 class=\"wp-block-heading\" id=\"h-lettre-d-invitation\">Lettre d&rsquo;invitation<\/h4>\n\n\n\n<div class=\"wp-block-buttons is-layout-flex wp-block-buttons-is-layout-flex\">\n<div class=\"wp-block-button\"><a class=\"wp-block-button__link wp-element-button\" href=\"https:\/\/www.palestina.cat\/wp-content\/uploads\/2023\/11\/Palestina.Contracimera-23.Reunio-Solidaritat.Carta-invitacio.General.frances.corregit.pdf\" target=\"_blank\" rel=\"noopener\"><span style=\"color: var(--theme-palette-color-5, #ffffff);\" class=\"stk-highlight\">T\u00e9l\u00e9charger<\/span><\/a><\/div>\n<\/div>\n<\/div><\/div><\/div>\n\n\n\n<div class=\"wp-block-stackable-column stk-block-column stk-column stk-block stk-ea32b88\" data-v=\"4\" data-block-id=\"ea32b88\"><div class=\"stk-column-wrapper stk-block-column__content stk-container stk-ea32b88-container stk--no-background stk--no-padding\"><div class=\"stk-block-content stk-inner-blocks stk-ea32b88-inner-blocks\">\n<h4 class=\"wp-block-heading\" id=\"h-programme\">Programme<\/h4>\n\n\n\n<div class=\"wp-block-buttons is-layout-flex wp-block-buttons-is-layout-flex\">\n<div class=\"wp-block-button\"><a class=\"wp-block-button__link wp-element-button\" href=\"https:\/\/www.palestina.cat\/wp-content\/uploads\/2023\/11\/Palestina.Contracimera-23.Reunio-Solidaritat.Ordre-del-Dia.frances.corregit.pdf\" target=\"_blank\" rel=\"noopener\"><span style=\"color: var(--theme-palette-color-5, #ffffff);\" class=\"stk-highlight\">T\u00e9l\u00e9charger<\/span><\/a><\/div>\n<\/div>\n<\/div><\/div><\/div>\n<\/div><\/div>\n\n\n\n<p>Si vous souhaitez plus d&rsquo;informations ou confirmer votre participation, remplissez le formulaire de contact<\/p>\n\n\n\n<\/div><\/div><\/div>\n\n\n\n<div class=\"wp-block-stackable-column stk-block-column stk-column stk-block stk-d9c2671\" data-v=\"4\" data-block-id=\"d9c2671\"><div class=\"stk-column-wrapper stk-block-column__content stk-container stk-d9c2671-container stk--no-background stk--no-padding\"><div class=\"stk-block-content stk-inner-blocks stk-d9c2671-inner-blocks\">\n<h2 class=\"wp-block-heading\" id=\"h-26-novembre\">26 novembre<\/h2>\n\n\n\n<p>Manifestation d&rsquo;unit\u00e9 12h00 \u00ab\u00a0Arr\u00eatez le g\u00e9nocide en Palestine. Contre l&rsquo;Europe raciste et coloniale\u00a0\u00bb<\/p>\n<\/div><\/div><\/div>\n\n\n\n<div class=\"wp-block-stackable-column stk-block-column stk-column stk-block stk-31f6cab\" data-v=\"4\" data-block-id=\"31f6cab\"><div class=\"stk-column-wrapper stk-block-column__content stk-container stk-31f6cab-container stk--no-background stk--no-padding\"><div class=\"stk-block-content stk-inner-blocks stk-31f6cab-inner-blocks\">\n<h2 class=\"wp-block-heading\" id=\"h-27-et-28-novembre\">27 et 28 novembre<\/h2>\n\n\n\n<p>sommet social Pour une paix juste en M\u00e9diterran\u00e9e<\/p>\n<\/div><\/div><\/div>\n<\/div><\/div>\n\n\n\n<div class=\"wp-block-stackable-columns stk-block-columns stk-block\"><div class=\"stk-row stk-inner-blocks stk-block-content stk-content-align stk--column\"><\/div><\/div>\n","protected":false},"excerpt":{"rendered":"<p>Les 27 et 28 novembre prochains, les chefs d&rsquo;\u00c9tat et de gouvernement des 42 pays qui composent l&rsquo;Union pour la M\u00e9diterran\u00e9e (27 de l&rsquo;UE et 15 d&rsquo;Afrique du Nord et du Moyen-Orient) se r\u00e9uniront \u00e0 Barcelone \u00e0 l&rsquo;invitation du pr\u00e9sident Pedro S\u00e1nchez, qui assume la pr\u00e9sidence europ\u00e9enne jusqu&rsquo;en d\u00e9cembre, lors d&rsquo;une r\u00e9union qui sera marqu\u00e9e [&hellip;]<\/p>\n","protected":false},"author":8,"featured_media":7921,"parent":0,"menu_order":0,"comment_status":"closed","ping_status":"closed","template":"","meta":{"footnotes":""},"class_list":["post-7852","page","type-page","status-publish","has-post-thumbnail","hentry"],"blocksy_meta":[],"featured_image_urls_v2":{"full":["https:\/\/www.palestina.cat\/wp-content\/uploads\/2023\/11\/contracimera-bg-ca.jpeg",1200,800,false],"thumbnail":["https:\/\/www.palestina.cat\/wp-content\/uploads\/2023\/11\/contracimera-bg-ca-150x150.jpeg",150,150,true],"medium":["https:\/\/www.palestina.cat\/wp-content\/uploads\/2023\/11\/contracimera-bg-ca-300x200.jpeg",300,200,true],"medium_large":["https:\/\/www.palestina.cat\/wp-content\/uploads\/2023\/11\/contracimera-bg-ca-768x512.jpeg",768,512,true],"large":["https:\/\/www.palestina.cat\/wp-content\/uploads\/2023\/11\/contracimera-bg-ca-1024x683.jpeg",1024,683,true],"1536x1536":["https:\/\/www.palestina.cat\/wp-content\/uploads\/2023\/11\/contracimera-bg-ca.jpeg",1200,800,false],"2048x2048":["https:\/\/www.palestina.cat\/wp-content\/uploads\/2023\/11\/contracimera-bg-ca.jpeg",1200,800,false],"rpwe-thumbnail":["https:\/\/www.palestina.cat\/wp-content\/uploads\/2023\/11\/contracimera-bg-ca-45x45.jpeg",45,45,true]},"post_excerpt_stackable_v2":"<p>Catal\u00e0 (Catalan) English (Anglais) Fran\u00e7ais Espa\u00f1ol (Espagnol) \u0627\u0644\u0639\u0631\u0628\u064a\u0629 (Arabe) Deutsch (Allemand) Les 27 et 28 novembre prochains, les chefs d&rsquo;\u00c9tat et de gouvernement des 42 pays qui composent l&rsquo;Union pour la M\u00e9diterran\u00e9e (27 de l&rsquo;UE et 15 d&rsquo;Afrique du Nord et du Moyen-Orient) se r\u00e9uniront \u00e0 Barcelone \u00e0 l&rsquo;invitation du pr\u00e9sident Pedro S\u00e1nchez, qui assume la pr\u00e9sidence europ\u00e9enne jusqu&rsquo;en d\u00e9cembre, lors d&rsquo;une r\u00e9union qui sera marqu\u00e9e par la situation en Palestine. Le mouvement de solidarit\u00e9 avec la Palestine de Catalogne, promu par la Communaut\u00e9 palestinienne de Catalogne et la Coalition Prou Complicitat amb Israel (Assez de complicit\u00e9 avec Isra\u00ebl) avec\u2026<\/p>\n","category_list_v2":"","author_info_v2":{"name":"maboali","url":"https:\/\/www.palestina.cat\/fr\/author\/mjamal\/"},"comments_num_v2":"0 commentaire","yoast_head":"<!-- This site is optimized with the Yoast SEO Premium plugin v19.4 (Yoast SEO v20.8) - https:\/\/yoast.com\/wordpress\/plugins\/seo\/ -->\n<title>Forum - Comunitat Palestina de Catalunya<\/title>\n<meta name=\"robots\" content=\"index, follow, max-snippet:-1, max-image-preview:large, max-video-preview:-1\" \/>\n<link rel=\"canonical\" href=\"https:\/\/www.palestina.cat\/fr\/forum\/\" \/>\n<meta property=\"og:locale\" content=\"fr_FR\" \/>\n<meta property=\"og:type\" content=\"article\" \/>\n<meta property=\"og:title\" content=\"Forum\" \/>\n<meta property=\"og:description\" content=\"Les 27 et 28 novembre prochains, les chefs d&rsquo;\u00c9tat et de gouvernement des 42 pays qui composent l&rsquo;Union pour la M\u00e9diterran\u00e9e (27 de l&rsquo;UE et 15 d&rsquo;Afrique du Nord et du Moyen-Orient) se r\u00e9uniront \u00e0 Barcelone \u00e0 l&rsquo;invitation du pr\u00e9sident Pedro S\u00e1nchez, qui assume la pr\u00e9sidence europ\u00e9enne jusqu&rsquo;en d\u00e9cembre, lors d&rsquo;une r\u00e9union qui sera marqu\u00e9e [&hellip;]\" \/>\n<meta property=\"og:url\" content=\"https:\/\/www.palestina.cat\/fr\/forum\/\" \/>\n<meta property=\"og:site_name\" content=\"Comunitat Palestina de Catalunya\" \/>\n<meta property=\"article:publisher\" content=\"https:\/\/www.facebook.com\/comunitat.palestina\" \/>\n<meta property=\"article:modified_time\" content=\"2023-11-16T10:41:26+00:00\" \/>\n<meta property=\"og:image\" content=\"https:\/\/www.palestina.cat\/wp-content\/uploads\/2023\/11\/contracimera-bg-ca.jpeg\" \/>\n\t<meta property=\"og:image:width\" content=\"1200\" \/>\n\t<meta property=\"og:image:height\" content=\"800\" \/>\n\t<meta property=\"og:image:type\" content=\"image\/jpeg\" \/>\n<meta name=\"twitter:card\" content=\"summary_large_image\" \/>\n<meta name=\"twitter:site\" content=\"@palestina_cat\" \/>\n<meta name=\"twitter:label1\" content=\"Dur\u00e9e de lecture estim\u00e9e\" \/>\n\t<meta name=\"twitter:data1\" content=\"1 minute\" \/>\n<script type=\"application\/ld+json\" class=\"yoast-schema-graph\">{\"@context\":\"https:\/\/schema.org\",\"@graph\":[{\"@type\":\"WebPage\",\"@id\":\"https:\/\/www.palestina.cat\/fr\/forum\/\",\"url\":\"https:\/\/www.palestina.cat\/fr\/forum\/\",\"name\":\"Forum - Comunitat Palestina de Catalunya\",\"isPartOf\":{\"@id\":\"https:\/\/www.palestina.cat\/fr\/#website\"},\"datePublished\":\"2023-11-14T15:04:47+00:00\",\"dateModified\":\"2023-11-16T10:41:26+00:00\",\"breadcrumb\":{\"@id\":\"https:\/\/www.palestina.cat\/fr\/forum\/#breadcrumb\"},\"inLanguage\":\"fr-FR\",\"potentialAction\":[{\"@type\":\"ReadAction\",\"target\":[\"https:\/\/www.palestina.cat\/fr\/forum\/\"]}]},{\"@type\":\"BreadcrumbList\",\"@id\":\"https:\/\/www.palestina.cat\/fr\/forum\/#breadcrumb\",\"itemListElement\":[{\"@type\":\"ListItem\",\"position\":1,\"name\":\"Portada\",\"item\":\"https:\/\/www.palestina.cat\/fr\/\"},{\"@type\":\"ListItem\",\"position\":2,\"name\":\"Forum\"}]},{\"@type\":\"WebSite\",\"@id\":\"https:\/\/www.palestina.cat\/fr\/#website\",\"url\":\"https:\/\/www.palestina.cat\/fr\/\",\"name\":\"Palestinian Community of Catalonia\",\"description\":\"L&#039;associaci\u00f3 dels palestins i les palestines residents a Catalunya\",\"publisher\":{\"@id\":\"https:\/\/www.palestina.cat\/fr\/#organization\"},\"potentialAction\":[{\"@type\":\"SearchAction\",\"target\":{\"@type\":\"EntryPoint\",\"urlTemplate\":\"https:\/\/www.palestina.cat\/fr\/?s={search_term_string}\"},\"query-input\":\"required name=search_term_string\"}],\"inLanguage\":\"fr-FR\"},{\"@type\":\"Organization\",\"@id\":\"https:\/\/www.palestina.cat\/fr\/#organization\",\"name\":\"Comunitat Paletina de Catalunya\",\"alternateName\":\"Comunidad Palestina de Catalu\u00f1a\",\"url\":\"https:\/\/www.palestina.cat\/fr\/\",\"logo\":{\"@type\":\"ImageObject\",\"inLanguage\":\"fr-FR\",\"@id\":\"https:\/\/www.palestina.cat\/fr\/#\/schema\/logo\/image\/\",\"url\":\"https:\/\/www.palestina.cat\/wp-content\/uploads\/2020\/10\/cropped-logo_comunitat1-1.png\",\"contentUrl\":\"https:\/\/www.palestina.cat\/wp-content\/uploads\/2020\/10\/cropped-logo_comunitat1-1.png\",\"width\":512,\"height\":512,\"caption\":\"Comunitat Paletina de Catalunya\"},\"image\":{\"@id\":\"https:\/\/www.palestina.cat\/fr\/#\/schema\/logo\/image\/\"},\"sameAs\":[\"https:\/\/www.facebook.com\/comunitat.palestina\",\"https:\/\/twitter.com\/palestina_cat\"]}]}<\/script>\n<!-- \/ Yoast SEO Premium plugin. -->","yoast_head_json":{"title":"Forum - Comunitat Palestina de Catalunya","robots":{"index":"index","follow":"follow","max-snippet":"max-snippet:-1","max-image-preview":"max-image-preview:large","max-video-preview":"max-video-preview:-1"},"canonical":"https:\/\/www.palestina.cat\/fr\/forum\/","og_locale":"fr_FR","og_type":"article","og_title":"Forum","og_description":"Les 27 et 28 novembre prochains, les chefs d&rsquo;\u00c9tat et de gouvernement des 42 pays qui composent l&rsquo;Union pour la M\u00e9diterran\u00e9e (27 de l&rsquo;UE et 15 d&rsquo;Afrique du Nord et du Moyen-Orient) se r\u00e9uniront \u00e0 Barcelone \u00e0 l&rsquo;invitation du pr\u00e9sident Pedro S\u00e1nchez, qui assume la pr\u00e9sidence europ\u00e9enne jusqu&rsquo;en d\u00e9cembre, lors d&rsquo;une r\u00e9union qui sera marqu\u00e9e [&hellip;]","og_url":"https:\/\/www.palestina.cat\/fr\/forum\/","og_site_name":"Comunitat Palestina de Catalunya","article_publisher":"https:\/\/www.facebook.com\/comunitat.palestina","article_modified_time":"2023-11-16T10:41:26+00:00","og_image":[{"width":1200,"height":800,"url":"https:\/\/www.palestina.cat\/wp-content\/uploads\/2023\/11\/contracimera-bg-ca.jpeg","type":"image\/jpeg"}],"twitter_card":"summary_large_image","twitter_site":"@palestina_cat","twitter_misc":{"Dur\u00e9e de lecture estim\u00e9e":"1 minute"},"schema":{"@context":"https:\/\/schema.org","@graph":[{"@type":"WebPage","@id":"https:\/\/www.palestina.cat\/fr\/forum\/","url":"https:\/\/www.palestina.cat\/fr\/forum\/","name":"Forum - Comunitat Palestina de Catalunya","isPartOf":{"@id":"https:\/\/www.palestina.cat\/fr\/#website"},"datePublished":"2023-11-14T15:04:47+00:00","dateModified":"2023-11-16T10:41:26+00:00","breadcrumb":{"@id":"https:\/\/www.palestina.cat\/fr\/forum\/#breadcrumb"},"inLanguage":"fr-FR","potentialAction":[{"@type":"ReadAction","target":["https:\/\/www.palestina.cat\/fr\/forum\/"]}]},{"@type":"BreadcrumbList","@id":"https:\/\/www.palestina.cat\/fr\/forum\/#breadcrumb","itemListElement":[{"@type":"ListItem","position":1,"name":"Portada","item":"https:\/\/www.palestina.cat\/fr\/"},{"@type":"ListItem","position":2,"name":"Forum"}]},{"@type":"WebSite","@id":"https:\/\/www.palestina.cat\/fr\/#website","url":"https:\/\/www.palestina.cat\/fr\/","name":"Palestinian Community of Catalonia","description":"L&#039;associaci\u00f3 dels palestins i les palestines residents a Catalunya","publisher":{"@id":"https:\/\/www.palestina.cat\/fr\/#organization"},"potentialAction":[{"@type":"SearchAction","target":{"@type":"EntryPoint","urlTemplate":"https:\/\/www.palestina.cat\/fr\/?s={search_term_string}"},"query-input":"required name=search_term_string"}],"inLanguage":"fr-FR"},{"@type":"Organization","@id":"https:\/\/www.palestina.cat\/fr\/#organization","name":"Comunitat Paletina de Catalunya","alternateName":"Comunidad Palestina de Catalu\u00f1a","url":"https:\/\/www.palestina.cat\/fr\/","logo":{"@type":"ImageObject","inLanguage":"fr-FR","@id":"https:\/\/www.palestina.cat\/fr\/#\/schema\/logo\/image\/","url":"https:\/\/www.palestina.cat\/wp-content\/uploads\/2020\/10\/cropped-logo_comunitat1-1.png","contentUrl":"https:\/\/www.palestina.cat\/wp-content\/uploads\/2020\/10\/cropped-logo_comunitat1-1.png","width":512,"height":512,"caption":"Comunitat Paletina de Catalunya"},"image":{"@id":"https:\/\/www.palestina.cat\/fr\/#\/schema\/logo\/image\/"},"sameAs":["https:\/\/www.facebook.com\/comunitat.palestina","https:\/\/twitter.com\/palestina_cat"]}]}},"_links":{"self":[{"href":"https:\/\/www.palestina.cat\/fr\/wp-json\/wp\/v2\/pages\/7852","targetHints":{"allow":["GET"]}}],"collection":[{"href":"https:\/\/www.palestina.cat\/fr\/wp-json\/wp\/v2\/pages"}],"about":[{"href":"https:\/\/www.palestina.cat\/fr\/wp-json\/wp\/v2\/types\/page"}],"author":[{"embeddable":true,"href":"https:\/\/www.palestina.cat\/fr\/wp-json\/wp\/v2\/users\/8"}],"replies":[{"embeddable":true,"href":"https:\/\/www.palestina.cat\/fr\/wp-json\/wp\/v2\/comments?post=7852"}],"version-history":[{"count":7,"href":"https:\/\/www.palestina.cat\/fr\/wp-json\/wp\/v2\/pages\/7852\/revisions"}],"predecessor-version":[{"id":7928,"href":"https:\/\/www.palestina.cat\/fr\/wp-json\/wp\/v2\/pages\/7852\/revisions\/7928"}],"wp:featuredmedia":[{"embeddable":true,"href":"https:\/\/www.palestina.cat\/fr\/wp-json\/wp\/v2\/media\/7921"}],"wp:attachment":[{"href":"https:\/\/www.palestina.cat\/fr\/wp-json\/wp\/v2\/media?parent=7852"}],"curies":[{"name":"wp","href":"https:\/\/api.w.org\/{rel}","templated":true}]}}