{"id":8116,"date":"2020-06-12T15:43:30","date_gmt":"2020-06-12T13:43:30","guid":{"rendered":"https:\/\/www.palestina.cat\/sample-page\/"},"modified":"2023-11-28T10:41:59","modified_gmt":"2023-11-28T08:41:59","slug":"sample-page","status":"publish","type":"page","link":"https:\/\/www.palestina.cat\/es\/sample-page\/","title":{"rendered":"Sample Page"},"content":{"rendered":"\n<p>Este es el example page. Es diferente en el blog post because que tiene un lugar y un show en el sitio de navegaci\u00f3n (in mosto temas). Muchos personas se han publicado en la p\u00e1gina que introduces en los potenciales sitios visitores. It might say something like this:<\/p>\n\n<blockquote class=\"wp-block-quote is-layout-flow wp-block-quote-is-layout-flow\"><p>\u00a1There! Ime a bike messenger durante el d\u00eda, aspirando actor durante el night, y este es un sitio web. Y live en Los \u00c1ngeles, hab\u00eda a great dog named Jack, and I like pi\u00f1a coladas. (And gettin&#8217; caught in the rain.)<\/p><\/blockquote>\n\n<p>&#8230;or something like this:<\/p>\n\n<blockquote class=\"wp-block-quote is-layout-flow wp-block-quote-is-layout-flow\"><p>El XYZ Doohickey Company se encuentra en 1971, y ha been providing calidad doohickeys en el p\u00fablico sincero. Localizados en Gotham City, XYZ employs over 2,000 people and does all kinds awesome things for the Gotham community.<\/p><\/blockquote>\n\n<p>Como un WordPress usuario, usted debe gotar de <a href=\"https:\/\/demo.creativethemes.com\/blocksy\/charity\/wp-admin\/\">su navegador<\/a> para delegir esta p\u00e1gina y crear nuevas p\u00e1ginas para su contento. \u00a1Have fun!<\/p>\n","protected":false},"excerpt":{"rendered":"<p>Este es el example page. Es diferente en el blog post because que tiene un lugar y un show en el sitio de navegaci\u00f3n (in mosto temas). Muchos personas se han publicado en la p\u00e1gina que introduces en los potenciales sitios visitores. It might say something like this: \u00a1There! Ime a bike messenger durante el [&hellip;]<\/p>\n","protected":false},"author":8,"featured_media":0,"parent":0,"menu_order":0,"comment_status":"closed","ping_status":"open","template":"","meta":{"footnotes":""},"class_list":["post-8116","page","type-page","status-publish","hentry"],"blocksy_meta":{"styles_descriptor":{"styles":{"desktop":"","tablet":"","mobile":""},"google_fonts":[],"version":6}},"featured_image_urls_v2":{"full":"","thumbnail":"","medium":"","medium_large":"","large":"","1536x1536":"","2048x2048":"","rpwe-thumbnail":""},"post_excerpt_stackable_v2":"<p>Este es el example page. Es diferente en el blog post because que tiene un lugar y un show en el sitio de navegaci\u00f3n (in mosto temas). Muchos personas se han publicado en la p\u00e1gina que introduces en los potenciales sitios visitores. It might say something like this: \u00a1There! Ime a bike messenger durante el d\u00eda, aspirando actor durante el night, y este es un sitio web. Y live en Los \u00c1ngeles, hab\u00eda a great dog named Jack, and I like pi\u00f1a coladas. (And gettin&#8217; caught in the rain.) &#8230;or something like this: El XYZ Doohickey Company se encuentra en&hellip;<\/p>\n","category_list_v2":"","author_info_v2":{"name":"maboali","url":"https:\/\/www.palestina.cat\/es\/author\/mjamal\/"},"comments_num_v2":"0 comentarios","yoast_head":"<!-- This site is optimized with the Yoast SEO Premium plugin v19.4 (Yoast SEO v20.8) - https:\/\/yoast.com\/wordpress\/plugins\/seo\/ -->\n<title>Sample Page - Comunitat Palestina de Catalunya<\/title>\n<meta name=\"robots\" content=\"index, follow, max-snippet:-1, max-image-preview:large, max-video-preview:-1\" \/>\n<link rel=\"canonical\" href=\"https:\/\/www.palestina.cat\/es\/sample-page\/\" \/>\n<meta property=\"og:locale\" content=\"es_ES\" \/>\n<meta property=\"og:type\" content=\"article\" \/>\n<meta property=\"og:title\" content=\"Sample Page\" \/>\n<meta property=\"og:description\" content=\"Este es el example page. Es diferente en el blog post because que tiene un lugar y un show en el sitio de navegaci\u00f3n (in mosto temas). Muchos personas se han publicado en la p\u00e1gina que introduces en los potenciales sitios visitores. It might say something like this: \u00a1There! Ime a bike messenger durante el [&hellip;]\" \/>\n<meta property=\"og:url\" content=\"https:\/\/www.palestina.cat\/es\/sample-page\/\" \/>\n<meta property=\"og:site_name\" content=\"Comunitat Palestina de Catalunya\" \/>\n<meta property=\"article:publisher\" content=\"https:\/\/www.facebook.com\/comunitat.palestina\" \/>\n<meta property=\"article:modified_time\" content=\"2023-11-28T08:41:59+00:00\" \/>\n<meta property=\"og:image\" content=\"https:\/\/www.palestina.cat\/wp-content\/uploads\/2022\/11\/boicot_cartell-208x300-1.jpg\" \/>\n\t<meta property=\"og:image:width\" content=\"208\" \/>\n\t<meta property=\"og:image:height\" content=\"300\" \/>\n\t<meta property=\"og:image:type\" content=\"image\/jpeg\" \/>\n<meta name=\"twitter:card\" content=\"summary_large_image\" \/>\n<meta name=\"twitter:site\" content=\"@palestina_cat\" \/>\n<meta name=\"twitter:label1\" content=\"Tiempo de lectura\" \/>\n\t<meta name=\"twitter:data1\" content=\"1 minuto\" \/>\n<script type=\"application\/ld+json\" class=\"yoast-schema-graph\">{\"@context\":\"https:\/\/schema.org\",\"@graph\":[{\"@type\":\"WebPage\",\"@id\":\"https:\/\/www.palestina.cat\/es\/sample-page\/\",\"url\":\"https:\/\/www.palestina.cat\/es\/sample-page\/\",\"name\":\"Sample Page - Comunitat Palestina de Catalunya\",\"isPartOf\":{\"@id\":\"https:\/\/www.palestina.cat\/es\/#website\"},\"datePublished\":\"2020-06-12T13:43:30+00:00\",\"dateModified\":\"2023-11-28T08:41:59+00:00\",\"breadcrumb\":{\"@id\":\"https:\/\/www.palestina.cat\/es\/sample-page\/#breadcrumb\"},\"inLanguage\":\"es\",\"potentialAction\":[{\"@type\":\"ReadAction\",\"target\":[\"https:\/\/www.palestina.cat\/es\/sample-page\/\"]}]},{\"@type\":\"BreadcrumbList\",\"@id\":\"https:\/\/www.palestina.cat\/es\/sample-page\/#breadcrumb\",\"itemListElement\":[{\"@type\":\"ListItem\",\"position\":1,\"name\":\"Portada\",\"item\":\"https:\/\/www.palestina.cat\/es\/\"},{\"@type\":\"ListItem\",\"position\":2,\"name\":\"Sample Page\"}]},{\"@type\":\"WebSite\",\"@id\":\"https:\/\/www.palestina.cat\/es\/#website\",\"url\":\"https:\/\/www.palestina.cat\/es\/\",\"name\":\"Palestinian Community of Catalonia\",\"description\":\"L&#039;associaci\u00f3 dels palestins i les palestines residents a Catalunya\",\"publisher\":{\"@id\":\"https:\/\/www.palestina.cat\/es\/#organization\"},\"potentialAction\":[{\"@type\":\"SearchAction\",\"target\":{\"@type\":\"EntryPoint\",\"urlTemplate\":\"https:\/\/www.palestina.cat\/es\/?s={search_term_string}\"},\"query-input\":\"required name=search_term_string\"}],\"inLanguage\":\"es\"},{\"@type\":\"Organization\",\"@id\":\"https:\/\/www.palestina.cat\/es\/#organization\",\"name\":\"Comunitat Paletina de Catalunya\",\"alternateName\":\"Comunidad Palestina de Catalu\u00f1a\",\"url\":\"https:\/\/www.palestina.cat\/es\/\",\"logo\":{\"@type\":\"ImageObject\",\"inLanguage\":\"es\",\"@id\":\"https:\/\/www.palestina.cat\/es\/#\/schema\/logo\/image\/\",\"url\":\"https:\/\/www.palestina.cat\/wp-content\/uploads\/2020\/10\/cropped-logo_comunitat1-1.png\",\"contentUrl\":\"https:\/\/www.palestina.cat\/wp-content\/uploads\/2020\/10\/cropped-logo_comunitat1-1.png\",\"width\":512,\"height\":512,\"caption\":\"Comunitat Paletina de Catalunya\"},\"image\":{\"@id\":\"https:\/\/www.palestina.cat\/es\/#\/schema\/logo\/image\/\"},\"sameAs\":[\"https:\/\/www.facebook.com\/comunitat.palestina\",\"https:\/\/twitter.com\/palestina_cat\"]}]}<\/script>\n<!-- \/ Yoast SEO Premium plugin. -->","yoast_head_json":{"title":"Sample Page - Comunitat Palestina de Catalunya","robots":{"index":"index","follow":"follow","max-snippet":"max-snippet:-1","max-image-preview":"max-image-preview:large","max-video-preview":"max-video-preview:-1"},"canonical":"https:\/\/www.palestina.cat\/es\/sample-page\/","og_locale":"es_ES","og_type":"article","og_title":"Sample Page","og_description":"Este es el example page. Es diferente en el blog post because que tiene un lugar y un show en el sitio de navegaci\u00f3n (in mosto temas). Muchos personas se han publicado en la p\u00e1gina que introduces en los potenciales sitios visitores. It might say something like this: \u00a1There! Ime a bike messenger durante el [&hellip;]","og_url":"https:\/\/www.palestina.cat\/es\/sample-page\/","og_site_name":"Comunitat Palestina de Catalunya","article_publisher":"https:\/\/www.facebook.com\/comunitat.palestina","article_modified_time":"2023-11-28T08:41:59+00:00","og_image":[{"width":208,"height":300,"url":"https:\/\/www.palestina.cat\/wp-content\/uploads\/2022\/11\/boicot_cartell-208x300-1.jpg","type":"image\/jpeg"}],"twitter_card":"summary_large_image","twitter_site":"@palestina_cat","twitter_misc":{"Tiempo de lectura":"1 minuto"},"schema":{"@context":"https:\/\/schema.org","@graph":[{"@type":"WebPage","@id":"https:\/\/www.palestina.cat\/es\/sample-page\/","url":"https:\/\/www.palestina.cat\/es\/sample-page\/","name":"Sample Page - Comunitat Palestina de Catalunya","isPartOf":{"@id":"https:\/\/www.palestina.cat\/es\/#website"},"datePublished":"2020-06-12T13:43:30+00:00","dateModified":"2023-11-28T08:41:59+00:00","breadcrumb":{"@id":"https:\/\/www.palestina.cat\/es\/sample-page\/#breadcrumb"},"inLanguage":"es","potentialAction":[{"@type":"ReadAction","target":["https:\/\/www.palestina.cat\/es\/sample-page\/"]}]},{"@type":"BreadcrumbList","@id":"https:\/\/www.palestina.cat\/es\/sample-page\/#breadcrumb","itemListElement":[{"@type":"ListItem","position":1,"name":"Portada","item":"https:\/\/www.palestina.cat\/es\/"},{"@type":"ListItem","position":2,"name":"Sample Page"}]},{"@type":"WebSite","@id":"https:\/\/www.palestina.cat\/es\/#website","url":"https:\/\/www.palestina.cat\/es\/","name":"Palestinian Community of Catalonia","description":"L&#039;associaci\u00f3 dels palestins i les palestines residents a Catalunya","publisher":{"@id":"https:\/\/www.palestina.cat\/es\/#organization"},"potentialAction":[{"@type":"SearchAction","target":{"@type":"EntryPoint","urlTemplate":"https:\/\/www.palestina.cat\/es\/?s={search_term_string}"},"query-input":"required name=search_term_string"}],"inLanguage":"es"},{"@type":"Organization","@id":"https:\/\/www.palestina.cat\/es\/#organization","name":"Comunitat Paletina de Catalunya","alternateName":"Comunidad Palestina de Catalu\u00f1a","url":"https:\/\/www.palestina.cat\/es\/","logo":{"@type":"ImageObject","inLanguage":"es","@id":"https:\/\/www.palestina.cat\/es\/#\/schema\/logo\/image\/","url":"https:\/\/www.palestina.cat\/wp-content\/uploads\/2020\/10\/cropped-logo_comunitat1-1.png","contentUrl":"https:\/\/www.palestina.cat\/wp-content\/uploads\/2020\/10\/cropped-logo_comunitat1-1.png","width":512,"height":512,"caption":"Comunitat Paletina de Catalunya"},"image":{"@id":"https:\/\/www.palestina.cat\/es\/#\/schema\/logo\/image\/"},"sameAs":["https:\/\/www.facebook.com\/comunitat.palestina","https:\/\/twitter.com\/palestina_cat"]}]}},"_links":{"self":[{"href":"https:\/\/www.palestina.cat\/es\/wp-json\/wp\/v2\/pages\/8116","targetHints":{"allow":["GET"]}}],"collection":[{"href":"https:\/\/www.palestina.cat\/es\/wp-json\/wp\/v2\/pages"}],"about":[{"href":"https:\/\/www.palestina.cat\/es\/wp-json\/wp\/v2\/types\/page"}],"author":[{"embeddable":true,"href":"https:\/\/www.palestina.cat\/es\/wp-json\/wp\/v2\/users\/8"}],"replies":[{"embeddable":true,"href":"https:\/\/www.palestina.cat\/es\/wp-json\/wp\/v2\/comments?post=8116"}],"version-history":[{"count":1,"href":"https:\/\/www.palestina.cat\/es\/wp-json\/wp\/v2\/pages\/8116\/revisions"}],"predecessor-version":[{"id":8128,"href":"https:\/\/www.palestina.cat\/es\/wp-json\/wp\/v2\/pages\/8116\/revisions\/8128"}],"wp:attachment":[{"href":"https:\/\/www.palestina.cat\/es\/wp-json\/wp\/v2\/media?parent=8116"}],"curies":[{"name":"wp","href":"https:\/\/api.w.org\/{rel}","templated":true}]}}