{"id":7883,"date":"2023-11-14T17:04:47","date_gmt":"2023-11-14T15:04:47","guid":{"rendered":"https:\/\/www.palestina.cat\/contracimera\/"},"modified":"2023-11-16T12:40:15","modified_gmt":"2023-11-16T10:40:15","slug":"forum","status":"publish","type":"page","link":"https:\/\/www.palestina.cat\/en\/forum\/","title":{"rendered":"Forum"},"content":{"rendered":"\n<div class=\"wp-block-columns is-layout-flex wp-container-core-columns-is-layout-28f84493 wp-block-columns-is-layout-flex\">\n<div class=\"wp-block-column is-layout-flow wp-block-column-is-layout-flow\" style=\"flex-basis:100%\"><div style=\"text-align: center;\">\n<div class=\"wpml-ls-statics-shortcode_actions wpml-ls wpml-ls-legacy-list-horizontal\">\n\t<ul><li class=\"wpml-ls-slot-shortcode_actions wpml-ls-item wpml-ls-item-ca wpml-ls-first-item wpml-ls-item-legacy-list-horizontal\">\n\t\t\t\t<a href=\"https:\/\/www.palestina.cat\" class=\"wpml-ls-link\">\n                                                        <img decoding=\"async\"\n            class=\"wpml-ls-flag\"\n            src=\"https:\/\/www.palestina.cat\/wp-content\/plugins\/sitepress-multilingual-cms\/res\/flags\/ca.svg\"\n            alt=\"\"\n            width=18\n            height=12\n    \/><span class=\"wpml-ls-native\" lang=\"ca\">Catal\u00e0<\/span><span class=\"wpml-ls-display\"><span class=\"wpml-ls-bracket\"> (<\/span>Catalan<span class=\"wpml-ls-bracket\">)<\/span><\/span><\/a>\n\t\t\t<\/li><li class=\"wpml-ls-slot-shortcode_actions wpml-ls-item wpml-ls-item-en wpml-ls-current-language wpml-ls-item-legacy-list-horizontal\">\n\t\t\t\t<a href=\"https:\/\/www.palestina.cat\/en\/\" class=\"wpml-ls-link\">\n                                                        <img decoding=\"async\"\n            class=\"wpml-ls-flag\"\n            src=\"https:\/\/www.palestina.cat\/wp-content\/plugins\/sitepress-multilingual-cms\/res\/flags\/en.svg\"\n            alt=\"\"\n            width=18\n            height=12\n    \/><span class=\"wpml-ls-native\">English<\/span><\/a>\n\t\t\t<\/li><li class=\"wpml-ls-slot-shortcode_actions wpml-ls-item wpml-ls-item-fr wpml-ls-item-legacy-list-horizontal\">\n\t\t\t\t<a href=\"https:\/\/www.palestina.cat\/fr\/\" class=\"wpml-ls-link\">\n                                                        <img decoding=\"async\"\n            class=\"wpml-ls-flag\"\n            src=\"https:\/\/www.palestina.cat\/wp-content\/plugins\/sitepress-multilingual-cms\/res\/flags\/fr.svg\"\n            alt=\"\"\n            width=18\n            height=12\n    \/><span class=\"wpml-ls-native\" lang=\"fr\">Fran\u00e7ais<\/span><span class=\"wpml-ls-display\"><span class=\"wpml-ls-bracket\"> (<\/span>French<span class=\"wpml-ls-bracket\">)<\/span><\/span><\/a>\n\t\t\t<\/li><li class=\"wpml-ls-slot-shortcode_actions wpml-ls-item wpml-ls-item-es wpml-ls-item-legacy-list-horizontal\">\n\t\t\t\t<a href=\"https:\/\/www.palestina.cat\/es\/\" class=\"wpml-ls-link\">\n                                                        <img decoding=\"async\"\n            class=\"wpml-ls-flag\"\n            src=\"https:\/\/www.palestina.cat\/wp-content\/plugins\/sitepress-multilingual-cms\/res\/flags\/es.svg\"\n            alt=\"\"\n            width=18\n            height=12\n    \/><span class=\"wpml-ls-native\" lang=\"es\">Espa\u00f1ol<\/span><span class=\"wpml-ls-display\"><span class=\"wpml-ls-bracket\"> (<\/span>Spanish<span class=\"wpml-ls-bracket\">)<\/span><\/span><\/a>\n\t\t\t<\/li><li class=\"wpml-ls-slot-shortcode_actions wpml-ls-item wpml-ls-item-ar wpml-ls-item-legacy-list-horizontal\">\n\t\t\t\t<a href=\"https:\/\/www.palestina.cat\/ar\/\" class=\"wpml-ls-link\">\n                                                        <img decoding=\"async\"\n            class=\"wpml-ls-flag\"\n            src=\"https:\/\/www.palestina.cat\/wp-content\/uploads\/flags\/Flag_of_Palestine.svg.png\"\n            alt=\"\"\n            width=18\n            height=12\n    \/><span class=\"wpml-ls-native\" lang=\"ar\">\u0627\u0644\u0639\u0631\u0628\u064a\u0629<\/span><span class=\"wpml-ls-display\"><span class=\"wpml-ls-bracket\"> (<\/span>Arabic<span class=\"wpml-ls-bracket\">)<\/span><\/span><\/a>\n\t\t\t<\/li><li class=\"wpml-ls-slot-shortcode_actions wpml-ls-item wpml-ls-item-de wpml-ls-last-item wpml-ls-item-legacy-list-horizontal\">\n\t\t\t\t<a href=\"https:\/\/www.palestina.cat\/de\/\" class=\"wpml-ls-link\">\n                                                        <img decoding=\"async\"\n            class=\"wpml-ls-flag\"\n            src=\"https:\/\/www.palestina.cat\/wp-content\/plugins\/sitepress-multilingual-cms\/res\/flags\/de.svg\"\n            alt=\"\"\n            width=18\n            height=12\n    \/><span class=\"wpml-ls-native\" lang=\"de\">Deutsch<\/span><span class=\"wpml-ls-display\"><span class=\"wpml-ls-bracket\"> (<\/span>German<span class=\"wpml-ls-bracket\">)<\/span><\/span><\/a>\n\t\t\t<\/li><\/ul>\n<\/div>\n<\/div>\n\n\n\n<blockquote class=\"wp-block-stackable-blockquote stk-block-blockquote stk-block stk-7751fcc is-style-default\" data-v=\"2\" data-block-id=\"7751fcc\"><div class=\"has-text-align-left stk-block-blockquote__content stk-container stk-7751fcc-container stk-hover-parent\"><div class=\"stk-block-content stk-inner-blocks\">\n<div class=\"wp-block-stackable-icon stk-block-icon stk-block stk-82b90b8\" data-block-id=\"82b90b8\"><span class=\"stk--svg-wrapper\"><div class=\"stk--inner-svg\"><svg style=\"height:0;width:0\"><defs><linearGradient id=\"linear-gradient-82b90b8\" x1=\"0\" x2=\"100%\" y1=\"0\" y2=\"0\"><stop offset=\"0%\" style=\"stop-opacity:1;stop-color:var(--linear-gradient-82-b-90-b-8-color-1)\"><\/stop><stop offset=\"100%\" style=\"stop-opacity:1;stop-color:var(--linear-gradient-82-b-90-b-8-color-2)\"><\/stop><\/linearGradient><\/defs><\/svg><svg xmlns=\"http:\/\/www.w3.org\/2000\/svg\" viewBox=\"0 0 50 50\" aria-hidden=\"true\" width=\"32\" height=\"32\"><path d=\"M19.8 9.3C10.5 11.8 4.6 17 2.1 24.8c2.3-3.6 5.6-5.4 9.9-5.4 3.3 0 6 1.1 8.3 3.3 2.2 2.2 3.4 5 3.4 8.3 0 3.2-1.1 5.8-3.3 8-2.2 2.2-5.1 3.2-8.7 3.2-3.7 0-6.5-1.2-8.6-3.5C1 36.3 0 33.1 0 29 0 18.3 6.5 11.2 19.6 7.9l.2 1.4zm26.4 0C36.9 11.9 31 17 28.5 24.8c2.2-3.6 5.5-5.4 9.8-5.4 3.2 0 6 1.1 8.3 3.2 2.3 2.2 3.4 4.9 3.4 8.3 0 3.1-1.1 5.8-3.3 7.9-2.2 2.2-5.1 3.3-8.6 3.3-3.7 0-6.6-1.1-8.6-3.4-2.1-2.3-3.1-5.5-3.1-9.7 0-10.7 6.6-17.8 19.7-21.1l.1 1.4z\"><\/path><\/svg><\/div><\/span><\/div>\n\n\n\n<div class=\"wp-block-stackable-text stk-block-text stk-block stk-2ff89fc\" data-block-id=\"2ff89fc\"><p class=\"stk-block-text__text\"><br>This coming November 27 and 28, the heads of state and government of the 42 countries that make up the Union for the Mediterranean (27 from the EU and 15 from North Africa and the Middle East) will meet in Barcelona at the invitation of President Pedro S\u00e1nchez, who has the European Presidency until December, in a meeting that will be marked by the situation in Palestine. The solidarity movement with Palestine of Catalonia, promoted by the Palestinian Community of Catalonia and the Prou \u200b\u200bComplicitat amb Israel Coalition, with the support of more than 300 Catalan entities and in collaboration with the anti-racist and migrant movement against Fortress Europe, is working in the organization of actions that we want to reinforce solidarity with Palestine and have a strong impact on global public opinion and in the power centers of Europe.<\/p><\/div>\n<\/div><\/div><\/blockquote>\n<\/div>\n<\/div>\n\n\n\n<div class=\"wp-block-stackable-columns stk-block-columns stk-block stk-52803bb\" data-block-id=\"52803bb\"><div class=\"stk-row stk-inner-blocks stk-block-content stk-content-align stk-52803bb-column\">\n<div class=\"wp-block-stackable-column stk-block-column stk-column stk-block stk-27b82b6\" data-v=\"4\" data-block-id=\"27b82b6\"><div class=\"stk-column-wrapper stk-block-column__content stk-container stk-27b82b6-container stk--no-background stk--no-padding\"><div class=\"stk-block-content stk-inner-blocks stk-27b82b6-inner-blocks\">\n<h2 class=\"wp-block-heading\" id=\"h-november-25\">November 25<\/h2>\n\n\n\n<p>Meeting of activists and solidarity organizations with Palestine<\/p>\n\n\n\n<div class=\"wp-block-stackable-columns stk-block-columns stk-block stk-e031ebc\" data-block-id=\"e031ebc\"><div class=\"stk-row stk-inner-blocks stk-block-content stk-content-align stk-e031ebc-column\">\n<div class=\"wp-block-stackable-column stk-block-column stk-column stk-block stk-52b55be\" data-v=\"4\" data-block-id=\"52b55be\"><div class=\"stk-column-wrapper stk-block-column__content stk-container stk-52b55be-container stk--no-background stk--no-padding\"><div class=\"stk-block-content stk-inner-blocks stk-52b55be-inner-blocks\">\n<h4 class=\"wp-block-heading\" id=\"h-letter-of-invitation\">Letter of invitation<\/h4>\n\n\n\n<div class=\"wp-block-buttons is-layout-flex wp-block-buttons-is-layout-flex\">\n<div class=\"wp-block-button\"><a class=\"wp-block-button__link wp-element-button\" href=\"https:\/\/www.palestina.cat\/wp-content\/uploads\/2023\/11\/Palestina.Contracimera-23.Reunio-Solidaritat.Carta-invitacio.General.angles.pdf\" target=\"_blank\" rel=\"noopener\"><span style=\"color: var(--theme-palette-color-5, #ffffff);\" class=\"stk-highlight\">Download<\/span><\/a><\/div>\n<\/div>\n<\/div><\/div><\/div>\n\n\n\n<div class=\"wp-block-stackable-column stk-block-column stk-column stk-block stk-ea32b88\" data-v=\"4\" data-block-id=\"ea32b88\"><div class=\"stk-column-wrapper stk-block-column__content stk-container stk-ea32b88-container stk--no-background stk--no-padding\"><div class=\"stk-block-content stk-inner-blocks stk-ea32b88-inner-blocks\">\n<h4 class=\"wp-block-heading\" id=\"h-programme\">Programme<\/h4>\n\n\n\n<div class=\"wp-block-buttons is-layout-flex wp-block-buttons-is-layout-flex\">\n<div class=\"wp-block-button\"><a class=\"wp-block-button__link wp-element-button\" href=\"https:\/\/www.palestina.cat\/wp-content\/uploads\/2023\/11\/Palestina.Contracimera-23.Reunio-Solidaritat.Ordre-del-Dia.angles.pdf\" target=\"_blank\" rel=\"noopener\"><span style=\"color: var(--theme-palette-color-5, #ffffff);\" class=\"stk-highlight\">Download<\/span><\/a><\/div>\n<\/div>\n<\/div><\/div><\/div>\n<\/div><\/div>\n\n\n\n<p>If you want more information or to confirm attendance, fill out the contact form<\/p>\n\n\n\n<\/div><\/div><\/div>\n\n\n\n<div class=\"wp-block-stackable-column stk-block-column stk-column stk-block stk-d9c2671\" data-v=\"4\" data-block-id=\"d9c2671\"><div class=\"stk-column-wrapper stk-block-column__content stk-container stk-d9c2671-container stk--no-background stk--no-padding\"><div class=\"stk-block-content stk-inner-blocks stk-d9c2671-inner-blocks\">\n<h2 class=\"wp-block-heading\" id=\"h-november-26\">November 26<\/h2>\n\n\n\n<p>Demonstration 12 noon. &#8220;Stop the Genocide in Palestine. No to racist and colonial Europe.&#8221;<\/p>\n<\/div><\/div><\/div>\n\n\n\n<div class=\"wp-block-stackable-column stk-block-column stk-column stk-block stk-31f6cab\" data-v=\"4\" data-block-id=\"31f6cab\"><div class=\"stk-column-wrapper stk-block-column__content stk-container stk-31f6cab-container stk--no-background stk--no-padding\"><div class=\"stk-block-content stk-inner-blocks stk-31f6cab-inner-blocks\">\n<h2 class=\"wp-block-heading\" id=\"h-november-27-and-28\">November 27 and 28<\/h2>\n\n\n\n<p>Social summit. For a just peace in the Mediterranean.<\/p>\n<\/div><\/div><\/div>\n<\/div><\/div>\n\n\n\n<div class=\"wp-block-stackable-columns stk-block-columns stk-block\"><div class=\"stk-row stk-inner-blocks stk-block-content stk-content-align stk--column\"><\/div><\/div>\n","protected":false},"excerpt":{"rendered":"<p>This coming November 27 and 28, the heads of state and government of the 42 countries that make up the Union for the Mediterranean (27 from the EU and 15 from North Africa and the Middle East) will meet in Barcelona at the invitation of President Pedro S\u00e1nchez, who has the European Presidency until December, [&hellip;]<\/p>\n","protected":false},"author":8,"featured_media":7915,"parent":0,"menu_order":0,"comment_status":"closed","ping_status":"closed","template":"","meta":{"footnotes":""},"class_list":["post-7883","page","type-page","status-publish","has-post-thumbnail","hentry"],"blocksy_meta":[],"featured_image_urls_v2":{"full":["https:\/\/www.palestina.cat\/wp-content\/uploads\/2023\/11\/contracimera-bg-en.jpeg",1200,800,false],"thumbnail":["https:\/\/www.palestina.cat\/wp-content\/uploads\/2023\/11\/contracimera-bg-en-150x150.jpeg",150,150,true],"medium":["https:\/\/www.palestina.cat\/wp-content\/uploads\/2023\/11\/contracimera-bg-en-300x200.jpeg",300,200,true],"medium_large":["https:\/\/www.palestina.cat\/wp-content\/uploads\/2023\/11\/contracimera-bg-en-768x512.jpeg",768,512,true],"large":["https:\/\/www.palestina.cat\/wp-content\/uploads\/2023\/11\/contracimera-bg-en-1024x683.jpeg",1024,683,true],"1536x1536":["https:\/\/www.palestina.cat\/wp-content\/uploads\/2023\/11\/contracimera-bg-en.jpeg",1200,800,false],"2048x2048":["https:\/\/www.palestina.cat\/wp-content\/uploads\/2023\/11\/contracimera-bg-en.jpeg",1200,800,false],"rpwe-thumbnail":["https:\/\/www.palestina.cat\/wp-content\/uploads\/2023\/11\/contracimera-bg-en-45x45.jpeg",45,45,true]},"post_excerpt_stackable_v2":"<p>Catal\u00e0 (Catalan) English Fran\u00e7ais (French) Espa\u00f1ol (Spanish) \u0627\u0644\u0639\u0631\u0628\u064a\u0629 (Arabic) Deutsch (German) This coming November 27 and 28, the heads of state and government of the 42 countries that make up the Union for the Mediterranean (27 from the EU and 15 from North Africa and the Middle East) will meet in Barcelona at the invitation of President Pedro S\u00e1nchez, who has the European Presidency until December, in a meeting that will be marked by the situation in Palestine. The solidarity movement with Palestine of Catalonia, promoted by the Palestinian Community of Catalonia and the Prou \u200b\u200bComplicitat amb Israel Coalition, with&hellip;<\/p>\n","category_list_v2":"","author_info_v2":{"name":"maboali","url":"https:\/\/www.palestina.cat\/en\/author\/mjamal\/"},"comments_num_v2":"0 comments","yoast_head":"<!-- This site is optimized with the Yoast SEO Premium plugin v19.4 (Yoast SEO v20.8) - https:\/\/yoast.com\/wordpress\/plugins\/seo\/ -->\n<title>Forum - Comunitat Palestina de Catalunya<\/title>\n<meta name=\"robots\" content=\"index, follow, max-snippet:-1, max-image-preview:large, max-video-preview:-1\" \/>\n<link rel=\"canonical\" href=\"https:\/\/www.palestina.cat\/en\/forum\/\" \/>\n<meta property=\"og:locale\" content=\"en_US\" \/>\n<meta property=\"og:type\" content=\"article\" \/>\n<meta property=\"og:title\" content=\"Forum\" \/>\n<meta property=\"og:description\" content=\"This coming November 27 and 28, the heads of state and government of the 42 countries that make up the Union for the Mediterranean (27 from the EU and 15 from North Africa and the Middle East) will meet in Barcelona at the invitation of President Pedro S\u00e1nchez, who has the European Presidency until December, [&hellip;]\" \/>\n<meta property=\"og:url\" content=\"https:\/\/www.palestina.cat\/en\/forum\/\" \/>\n<meta property=\"og:site_name\" content=\"Comunitat Palestina de Catalunya\" \/>\n<meta property=\"article:publisher\" content=\"https:\/\/www.facebook.com\/comunitat.palestina\" \/>\n<meta property=\"article:modified_time\" content=\"2023-11-16T10:40:15+00:00\" \/>\n<meta property=\"og:image\" content=\"https:\/\/www.palestina.cat\/wp-content\/uploads\/2023\/11\/contracimera-bg-en.jpeg\" \/>\n\t<meta property=\"og:image:width\" content=\"1200\" \/>\n\t<meta property=\"og:image:height\" content=\"800\" \/>\n\t<meta property=\"og:image:type\" content=\"image\/jpeg\" \/>\n<meta name=\"twitter:card\" content=\"summary_large_image\" \/>\n<meta name=\"twitter:site\" content=\"@palestina_cat\" \/>\n<meta name=\"twitter:label1\" content=\"Est. reading time\" \/>\n\t<meta name=\"twitter:data1\" content=\"1 minute\" \/>\n<script type=\"application\/ld+json\" class=\"yoast-schema-graph\">{\"@context\":\"https:\/\/schema.org\",\"@graph\":[{\"@type\":\"WebPage\",\"@id\":\"https:\/\/www.palestina.cat\/en\/forum\/\",\"url\":\"https:\/\/www.palestina.cat\/en\/forum\/\",\"name\":\"Forum - Comunitat Palestina de Catalunya\",\"isPartOf\":{\"@id\":\"https:\/\/www.palestina.cat\/en\/#website\"},\"datePublished\":\"2023-11-14T15:04:47+00:00\",\"dateModified\":\"2023-11-16T10:40:15+00:00\",\"breadcrumb\":{\"@id\":\"https:\/\/www.palestina.cat\/en\/forum\/#breadcrumb\"},\"inLanguage\":\"en-US\",\"potentialAction\":[{\"@type\":\"ReadAction\",\"target\":[\"https:\/\/www.palestina.cat\/en\/forum\/\"]}]},{\"@type\":\"BreadcrumbList\",\"@id\":\"https:\/\/www.palestina.cat\/en\/forum\/#breadcrumb\",\"itemListElement\":[{\"@type\":\"ListItem\",\"position\":1,\"name\":\"Portada\",\"item\":\"https:\/\/www.palestina.cat\/en\/\"},{\"@type\":\"ListItem\",\"position\":2,\"name\":\"Forum\"}]},{\"@type\":\"WebSite\",\"@id\":\"https:\/\/www.palestina.cat\/en\/#website\",\"url\":\"https:\/\/www.palestina.cat\/en\/\",\"name\":\"Palestinian Community of Catalonia\",\"description\":\"L&#039;associaci\u00f3 dels palestins i les palestines residents a Catalunya\",\"publisher\":{\"@id\":\"https:\/\/www.palestina.cat\/en\/#organization\"},\"potentialAction\":[{\"@type\":\"SearchAction\",\"target\":{\"@type\":\"EntryPoint\",\"urlTemplate\":\"https:\/\/www.palestina.cat\/en\/?s={search_term_string}\"},\"query-input\":\"required name=search_term_string\"}],\"inLanguage\":\"en-US\"},{\"@type\":\"Organization\",\"@id\":\"https:\/\/www.palestina.cat\/en\/#organization\",\"name\":\"Comunitat Paletina de Catalunya\",\"alternateName\":\"Comunidad Palestina de Catalu\u00f1a\",\"url\":\"https:\/\/www.palestina.cat\/en\/\",\"logo\":{\"@type\":\"ImageObject\",\"inLanguage\":\"en-US\",\"@id\":\"https:\/\/www.palestina.cat\/en\/#\/schema\/logo\/image\/\",\"url\":\"https:\/\/www.palestina.cat\/wp-content\/uploads\/2020\/10\/cropped-logo_comunitat1-1.png\",\"contentUrl\":\"https:\/\/www.palestina.cat\/wp-content\/uploads\/2020\/10\/cropped-logo_comunitat1-1.png\",\"width\":512,\"height\":512,\"caption\":\"Comunitat Paletina de Catalunya\"},\"image\":{\"@id\":\"https:\/\/www.palestina.cat\/en\/#\/schema\/logo\/image\/\"},\"sameAs\":[\"https:\/\/www.facebook.com\/comunitat.palestina\",\"https:\/\/twitter.com\/palestina_cat\"]}]}<\/script>\n<!-- \/ Yoast SEO Premium plugin. -->","yoast_head_json":{"title":"Forum - Comunitat Palestina de Catalunya","robots":{"index":"index","follow":"follow","max-snippet":"max-snippet:-1","max-image-preview":"max-image-preview:large","max-video-preview":"max-video-preview:-1"},"canonical":"https:\/\/www.palestina.cat\/en\/forum\/","og_locale":"en_US","og_type":"article","og_title":"Forum","og_description":"This coming November 27 and 28, the heads of state and government of the 42 countries that make up the Union for the Mediterranean (27 from the EU and 15 from North Africa and the Middle East) will meet in Barcelona at the invitation of President Pedro S\u00e1nchez, who has the European Presidency until December, [&hellip;]","og_url":"https:\/\/www.palestina.cat\/en\/forum\/","og_site_name":"Comunitat Palestina de Catalunya","article_publisher":"https:\/\/www.facebook.com\/comunitat.palestina","article_modified_time":"2023-11-16T10:40:15+00:00","og_image":[{"width":1200,"height":800,"url":"https:\/\/www.palestina.cat\/wp-content\/uploads\/2023\/11\/contracimera-bg-en.jpeg","type":"image\/jpeg"}],"twitter_card":"summary_large_image","twitter_site":"@palestina_cat","twitter_misc":{"Est. reading time":"1 minute"},"schema":{"@context":"https:\/\/schema.org","@graph":[{"@type":"WebPage","@id":"https:\/\/www.palestina.cat\/en\/forum\/","url":"https:\/\/www.palestina.cat\/en\/forum\/","name":"Forum - Comunitat Palestina de Catalunya","isPartOf":{"@id":"https:\/\/www.palestina.cat\/en\/#website"},"datePublished":"2023-11-14T15:04:47+00:00","dateModified":"2023-11-16T10:40:15+00:00","breadcrumb":{"@id":"https:\/\/www.palestina.cat\/en\/forum\/#breadcrumb"},"inLanguage":"en-US","potentialAction":[{"@type":"ReadAction","target":["https:\/\/www.palestina.cat\/en\/forum\/"]}]},{"@type":"BreadcrumbList","@id":"https:\/\/www.palestina.cat\/en\/forum\/#breadcrumb","itemListElement":[{"@type":"ListItem","position":1,"name":"Portada","item":"https:\/\/www.palestina.cat\/en\/"},{"@type":"ListItem","position":2,"name":"Forum"}]},{"@type":"WebSite","@id":"https:\/\/www.palestina.cat\/en\/#website","url":"https:\/\/www.palestina.cat\/en\/","name":"Palestinian Community of Catalonia","description":"L&#039;associaci\u00f3 dels palestins i les palestines residents a Catalunya","publisher":{"@id":"https:\/\/www.palestina.cat\/en\/#organization"},"potentialAction":[{"@type":"SearchAction","target":{"@type":"EntryPoint","urlTemplate":"https:\/\/www.palestina.cat\/en\/?s={search_term_string}"},"query-input":"required name=search_term_string"}],"inLanguage":"en-US"},{"@type":"Organization","@id":"https:\/\/www.palestina.cat\/en\/#organization","name":"Comunitat Paletina de Catalunya","alternateName":"Comunidad Palestina de Catalu\u00f1a","url":"https:\/\/www.palestina.cat\/en\/","logo":{"@type":"ImageObject","inLanguage":"en-US","@id":"https:\/\/www.palestina.cat\/en\/#\/schema\/logo\/image\/","url":"https:\/\/www.palestina.cat\/wp-content\/uploads\/2020\/10\/cropped-logo_comunitat1-1.png","contentUrl":"https:\/\/www.palestina.cat\/wp-content\/uploads\/2020\/10\/cropped-logo_comunitat1-1.png","width":512,"height":512,"caption":"Comunitat Paletina de Catalunya"},"image":{"@id":"https:\/\/www.palestina.cat\/en\/#\/schema\/logo\/image\/"},"sameAs":["https:\/\/www.facebook.com\/comunitat.palestina","https:\/\/twitter.com\/palestina_cat"]}]}},"_links":{"self":[{"href":"https:\/\/www.palestina.cat\/en\/wp-json\/wp\/v2\/pages\/7883","targetHints":{"allow":["GET"]}}],"collection":[{"href":"https:\/\/www.palestina.cat\/en\/wp-json\/wp\/v2\/pages"}],"about":[{"href":"https:\/\/www.palestina.cat\/en\/wp-json\/wp\/v2\/types\/page"}],"author":[{"embeddable":true,"href":"https:\/\/www.palestina.cat\/en\/wp-json\/wp\/v2\/users\/8"}],"replies":[{"embeddable":true,"href":"https:\/\/www.palestina.cat\/en\/wp-json\/wp\/v2\/comments?post=7883"}],"version-history":[{"count":7,"href":"https:\/\/www.palestina.cat\/en\/wp-json\/wp\/v2\/pages\/7883\/revisions"}],"predecessor-version":[{"id":7927,"href":"https:\/\/www.palestina.cat\/en\/wp-json\/wp\/v2\/pages\/7883\/revisions\/7927"}],"wp:featuredmedia":[{"embeddable":true,"href":"https:\/\/www.palestina.cat\/en\/wp-json\/wp\/v2\/media\/7915"}],"wp:attachment":[{"href":"https:\/\/www.palestina.cat\/en\/wp-json\/wp\/v2\/media?parent=7883"}],"curies":[{"name":"wp","href":"https:\/\/api.w.org\/{rel}","templated":true}]}}